{"id":516,"date":"2022-08-26T15:57:19","date_gmt":"2022-08-26T15:57:19","guid":{"rendered":"https:\/\/antoniomaldera.it\/?page_id=516"},"modified":"2022-08-26T16:00:35","modified_gmt":"2022-08-26T16:00:35","slug":"cookie-policy","status":"publish","type":"page","link":"https:\/\/antoniomaldera.it\/?page_id=516","title":{"rendered":"Cookie Policy"},"content":{"rendered":"\n<p>Cookie Policy<\/p>\n\n\n\n<p>QUESTO SITO WEB UTILIZZA COOKIE ESCUSIVAMENTE PER GARANTIRE IL CORRETTO FUNZIONAMENTO DELLE PROCEDURE E MIGLIORARE L&#8217;ESPERIENZA DI USO DELLE APPLICAZIONI ONLINE. IL PRESENTE DOCUMENTO FORNISCE INFORMAZIONI DETTAGLIATE SULL&#8217;USO DEI COOKIE E SU COME GESTIRLI.<br>DEFINIZIONI<br>I cookie sono brevi frammenti di testo che permettono al server web di memorizzare sul client (il browser) informazioni da riutilizzare nel corso della medesima visita al sito (cookie di sessione) o in seguito, anche a distanza di giorni (cookie persistenti). I cookie vengono memorizzati, in base alle preferenze dell&#8217;utente, dal singolo browser sullo specifico dispositivo utilizzato (computer, tablet, smartphone).<br>TIPOLOGIE DI COOKIE<br>In base alle caratteristiche e all&#8217;utilizzo dei cookie possiamo distinguere diverse categorie:<br>Cookie strettamente necessari.<br>Si tratta di cookie indispensabili per il corretto funzionamento del sito . La durata dei cookie \u00e8 strettamente limitata alla sessione di lavoro (chiuso il browser vengono cancellati).<br>COOKIE DI ANALISI E PRESTAZIONI.<br>Sono cookie utilizzati per raccogliere e analizzare il traffico e l&#8217;utilizzo del sito in modo anonimo. Questi cookie, pur senza identificare l&#8217;utente, consentono, per esempio, di rilevare se il medesimo utente torna a collegarsi in momenti diversi. Permettono inoltre di monitorare il sistema e migliorarne le prestazioni e l&#8217;usabilit\u00e0. La disattivazione di tali cookie pu\u00f2 essere eseguita senza alcuna perdita di funzionalit\u00e0.<br>COOKIE DI PROFILAZIONE.<br>Si tratta di cookie permanenti utilizzati per identificare le preferenze dell&#8217;utente,suggerire allo stesso notizie su argomenti di suo interesse e migliorare la sua esperienza di navigazione.<br>QUESTO SITO NON UTILIZZA COOKIE DI QUESTO TIPO.<br>COOKIE DI TERZE PARTI.<br>Visitando un sito web si possono ricevere cookie sia dal sito visitato (\u201cproprietari\u201d), sia da siti gestiti da altre organizzazioni (\u201cterze parti\u201d). Un esempio \u00e8 rappresentato dalla presenza dei \u201csocial plugin\u201d per Facebook, Twitter, Google+ eccetera. Si tratta di parti della pagina visitata generate direttamente dai suddetti siti ed integrati nella pagina del sito ospitante. L&#8217;utilizzo pi\u00f9 comune dei social plugin \u00e8 finalizzato alla condivisione dei contenuti sui social network.La presenza di questi plugin comporta la trasmissione di cookie da e verso tutti i siti gestiti da terze parti.<br>LA GESTIONE DELLE INFORMAZIONI RACCOLTE DA \u201cTERZE PARTI\u201d \u00c8 DISCIPLINATA DALLE RELATIVE INFORMATIVE .<br>Per trasparenza e comodit\u00e0, si riportano qui di seguito gli indirizzi web delle diverse informative e delle modalit\u00e0 per la gestione dei cookie.<br>Facebook informativa: https:\/\/www.faceboo k.com\/help\/cookies\/<br>Facebook (configurazione): accedere al proprio account. Sezione privacy.<br>Twitter informative: https:\/\/supp ort.twitter.com\/articles\/20170514<br>Twitter (configurazione): https:\/\/twitter.com\/ settings\/security<br>Linkedin informativa: https:\/\/www.linkedin.com\/legal\/cookie-policy<br>Linkedin (configurazione): https:\/\/www.linkedin.com\/settings\/<br>Google+ informativa: http:\/\/www.google.it\/intl\/it\/policies\/technologies\/cookies\/<br>Google+ (configurazione): http:\/\/www.google.it\/intl\/it\/policies\/technologies\/managing\/<br>Google Analytics https:\/\/www.google.com\/intl\/it_it\/analytics\/learn\/privacy.html<br>Adobe Analytics Si tratta di cookie di monitoraggio per la generazione di statistiche sull&#8217;utilizzo del sito. Adobe Analytics utilizza cookie che non memorizzano dati personali e che vengono depositati sul computer dell&#8217;utente per consentire al gestore del sito web di analizzare come gli utenti utilizzano il sito stesso. Per impedire la memorizzazione dei predetti cookie l&#8217;utente potr\u00e0 seguire la procedura reperibile al seguente link:<br>GESTIONE DEI COOKIE<br>L&#8217;utente pu\u00f2 decidere se accettare o meno i cookie utilizzando le impostazioni del proprio browser.<br>ATTENZIONE: LA DISABILITAZIONE TOTALE O PARZIALE DEI COOKIE TECNICI PU\u00d2 COMPROMETTERE L&#8217;UTILIZZO DELLE FUNZIONALIT\u00c0 DEL SITO<br>COME DISABILITARE\/CANCELLARE I COOKIE MEDIANTE CONFIGURAZIONE DEL BROWSER Chrome 1. Eseguire il Browser Chrome 2. Fare click sul men\u00f9 presente nella barra degli strumenti del browser a fianco della finestra di inserimento url per la navigazione 3. Selezionare Impostazioni 4. Fare clic su Mostra Impostazioni Avanzate 5. Nella sezione \u201cPrivacy\u201d fare clic su bottone \u201cImpostazioni contenuti\u201c 6. Nella sezione \u201cCookie\u201d \u00e8 possibile modificare le seguenti impostazioni relative ai cookie: \u2022 Consentire il salvataggio dei dati in locale \u2022 Modificare i dati locali solo fino alla chiusura del browser \u2022 Impedire ai siti di impostare i cookie \u2022 Bloccare i cookie di terze parti e i dati dei siti \u2022 Gestire le eccezioni per alcuni siti internet \u2022 Eliminare uno o tutti i cookie Per maggiori informazioni visita la pagina dedicata. Mozilla Firefox 1. Eseguire il Browser Mozilla Firefox 2. Fare click sul men\u00f9 presente nella barra degli strumenti del browser a fianco della finestra di inserimento url per la navigazione 3. Selezionare Opzioni 4. Selezionare il pannello Privacy 5. Fare clic su Mostra Impostazioni Avanzate 6. Nella sezione \u201cPrivacy\u201d fare clic su bottone \u201cImpostazioni contenuti\u201c 7. Nella sezione \u201cTracciamento\u201d \u00e8 possibile modificare le seguenti impostazioni relative ai cookie: \u2022 Richiedi ai siti di non effettuare alcun tracciamento \u2022 Comunica ai siti la disponibilit\u00e0 ad essere tracciato \u2022 Non comunicare alcuna preferenza relativa al tracciamento dei dati personali 8. Dalla sezione \u201cCronologia\u201d \u00e8 possibile: \u2022 Abilitando \u201cUtilizza impostazioni personalizzate\u201d selezionare di accettare i cookie di terze parti (sempre, dai siti pi\u00f9 visitato o mai) e di conservarli per un periodo determinato (fino alla loro scadenza, alla chiusura di Firefox o di chiedere ogni volta) \u2022 Rimuovere i singoli cookie immagazzinati. Per maggiori informazioni visita la pagina dedicata.<br>Internet Explorer 1. Eseguire il Browser Internet Explorer 2. Fare click sul pulsante Strumenti e scegliere Opzioni Internet 3. Fare click sulla scheda Privacy e, nella sezione Impostazioni, modificare il dispositivo di scorrimento in funzione dell\u2019azione desiderata per i cookie: \u2022 Bloccare tutti i cookie \u2022 Consentire tutti i cookie \u2022 Selezionare i siti da cui ottenere cookie: spostare il cursore in una posizione intermedia in modo da non bloccare o consentire tutti i cookie, premere quindi su Siti, nella casella Indirizzo Sito Web inserire un sito internet e quindi premere su Blocca o Consenti. Per maggiori informazioni visita la pagina dedicata. Safari 6 1. Eseguire il Browser Safari 2. Fare click su Safari, selezionare Preferenze e premere su Privacy 3. Nella sezione Blocca Cookie specificare come Safari deve accettare i cookie dai siti internet. 4. Per visionare quali siti hanno immagazzinato i cookie cliccare su Dettagli Per maggiori informazioni visita la pagina dedicata. Safari iOS (dispositivi mobile) 1. Eseguire il Browser Safari iOS 2. Tocca su Impostazioni e poi Safari 3. Tocca su Blocca Cookie e scegli tra le varie opzioni: \u201cMai\u201d, \u201cDi terze parti e inserzionisti\u201d o \u201cSempre\u201d 4. Per cancellare tutti i cookie immagazzinati da Safari, tocca su Impostazioni, poi su Safari e infine su Cancella Cookie e dati Per maggiori informazioni visita la pagina dedicata. Opera 1. Eseguire il Browser Opera 2. Fare click sul Preferenze poi su Avanzate e infine su Cookie 3. Selezionare una delle seguenti opzioni: \u2022 Accetta tutti i cookie \u2022 Accetta i cookie solo dal sito che si visita: i cookie di terze parti e quelli che vengono inviati da un dominio diverso da quello che si sta visitando verranno rifiutati \u2022 Non accettare mai i cookie: tutti i cookie non verranno mai salvati. Per maggiori informazioni visita la pagina dedicata.<\/p>\n","protected":false},"excerpt":{"rendered":"<p>Cookie Policy QUESTO SITO WEB UTILIZZA COOKIE ESCUSIVAMENTE PER GARANTIRE IL CORRETTO FUNZIONAMENTO DELLE PROCEDURE E MIGLIORARE L&#8217;ESPERIENZA DI USO DELLE APPLICAZIONI ONLINE. IL PRESENTE DOCUMENTO FORNISCE INFORMAZIONI DETTAGLIATE SULL&#8217;USO DEI COOKIE E SU COME GESTIRLI.DEFINIZIONII cookie sono brevi frammenti di testo che permettono al server web di memorizzare sul client (il browser) informazioni da riutilizzare nel corso della medesima visita al sito (cookie di sessione) o in seguito, anche a&hellip;<\/p>\n<p> <a class=\"more-link\" href=\"https:\/\/antoniomaldera.it\/?page_id=516\">Leggi tutto<\/a><\/p>\n","protected":false},"author":1,"featured_media":0,"parent":0,"menu_order":0,"comment_status":"closed","ping_status":"closed","template":"","meta":{"footnotes":""},"class_list":["post-516","page","type-page","status-publish"],"yoast_head":"<!-- This site is optimized with the Yoast SEO plugin v19.5.1 - https:\/\/yoast.com\/wordpress\/plugins\/seo\/ -->\n<title>Cookie Policy - ANTONIO MALDERA<\/title>\n<meta name=\"robots\" content=\"index, follow, max-snippet:-1, max-image-preview:large, max-video-preview:-1\" \/>\n<link rel=\"canonical\" href=\"https:\/\/antoniomaldera.it\/?page_id=516\" \/>\n<meta property=\"og:locale\" content=\"it_IT\" \/>\n<meta property=\"og:type\" content=\"article\" \/>\n<meta property=\"og:title\" content=\"Cookie Policy - ANTONIO MALDERA\" \/>\n<meta property=\"og:description\" content=\"Cookie Policy QUESTO SITO WEB UTILIZZA COOKIE ESCUSIVAMENTE PER GARANTIRE IL CORRETTO FUNZIONAMENTO DELLE PROCEDURE E MIGLIORARE L&#8217;ESPERIENZA DI USO DELLE APPLICAZIONI ONLINE. IL PRESENTE DOCUMENTO FORNISCE INFORMAZIONI DETTAGLIATE SULL&#8217;USO DEI COOKIE E SU COME GESTIRLI.DEFINIZIONII cookie sono brevi frammenti di testo che permettono al server web di memorizzare sul client (il browser) informazioni da riutilizzare nel corso della medesima visita al sito (cookie di sessione) o in seguito, anche a&hellip;  Leggi tutto\" \/>\n<meta property=\"og:url\" content=\"https:\/\/antoniomaldera.it\/?page_id=516\" \/>\n<meta property=\"og:site_name\" content=\"ANTONIO MALDERA\" \/>\n<meta property=\"article:modified_time\" content=\"2022-08-26T16:00:35+00:00\" \/>\n<meta name=\"twitter:card\" content=\"summary_large_image\" \/>\n<meta name=\"twitter:label1\" content=\"Tempo di lettura stimato\" \/>\n\t<meta name=\"twitter:data1\" content=\"6 minuti\" \/>\n<script type=\"application\/ld+json\" class=\"yoast-schema-graph\">{\"@context\":\"https:\/\/schema.org\",\"@graph\":[{\"@type\":\"WebPage\",\"@id\":\"https:\/\/antoniomaldera.it\/?page_id=516\",\"url\":\"https:\/\/antoniomaldera.it\/?page_id=516\",\"name\":\"Cookie Policy - ANTONIO MALDERA\",\"isPartOf\":{\"@id\":\"https:\/\/antoniomaldera.it\/#website\"},\"datePublished\":\"2022-08-26T15:57:19+00:00\",\"dateModified\":\"2022-08-26T16:00:35+00:00\",\"breadcrumb\":{\"@id\":\"https:\/\/antoniomaldera.it\/?page_id=516#breadcrumb\"},\"inLanguage\":\"it-IT\",\"potentialAction\":[{\"@type\":\"ReadAction\",\"target\":[\"https:\/\/antoniomaldera.it\/?page_id=516\"]}]},{\"@type\":\"BreadcrumbList\",\"@id\":\"https:\/\/antoniomaldera.it\/?page_id=516#breadcrumb\",\"itemListElement\":[{\"@type\":\"ListItem\",\"position\":1,\"name\":\"Home\",\"item\":\"https:\/\/antoniomaldera.it\/\"},{\"@type\":\"ListItem\",\"position\":2,\"name\":\"Cookie Policy\"}]},{\"@type\":\"WebSite\",\"@id\":\"https:\/\/antoniomaldera.it\/#website\",\"url\":\"https:\/\/antoniomaldera.it\/\",\"name\":\"ANTONIO MALDERA\",\"description\":\"SCRITTORE\",\"potentialAction\":[{\"@type\":\"SearchAction\",\"target\":{\"@type\":\"EntryPoint\",\"urlTemplate\":\"https:\/\/antoniomaldera.it\/?s={search_term_string}\"},\"query-input\":\"required name=search_term_string\"}],\"inLanguage\":\"it-IT\"}]}<\/script>\n<!-- \/ Yoast SEO plugin. -->","yoast_head_json":{"title":"Cookie Policy - ANTONIO MALDERA","robots":{"index":"index","follow":"follow","max-snippet":"max-snippet:-1","max-image-preview":"max-image-preview:large","max-video-preview":"max-video-preview:-1"},"canonical":"https:\/\/antoniomaldera.it\/?page_id=516","og_locale":"it_IT","og_type":"article","og_title":"Cookie Policy - ANTONIO MALDERA","og_description":"Cookie Policy QUESTO SITO WEB UTILIZZA COOKIE ESCUSIVAMENTE PER GARANTIRE IL CORRETTO FUNZIONAMENTO DELLE PROCEDURE E MIGLIORARE L&#8217;ESPERIENZA DI USO DELLE APPLICAZIONI ONLINE. IL PRESENTE DOCUMENTO FORNISCE INFORMAZIONI DETTAGLIATE SULL&#8217;USO DEI COOKIE E SU COME GESTIRLI.DEFINIZIONII cookie sono brevi frammenti di testo che permettono al server web di memorizzare sul client (il browser) informazioni da riutilizzare nel corso della medesima visita al sito (cookie di sessione) o in seguito, anche a&hellip;  Leggi tutto","og_url":"https:\/\/antoniomaldera.it\/?page_id=516","og_site_name":"ANTONIO MALDERA","article_modified_time":"2022-08-26T16:00:35+00:00","twitter_card":"summary_large_image","twitter_misc":{"Tempo di lettura stimato":"6 minuti"},"schema":{"@context":"https:\/\/schema.org","@graph":[{"@type":"WebPage","@id":"https:\/\/antoniomaldera.it\/?page_id=516","url":"https:\/\/antoniomaldera.it\/?page_id=516","name":"Cookie Policy - ANTONIO MALDERA","isPartOf":{"@id":"https:\/\/antoniomaldera.it\/#website"},"datePublished":"2022-08-26T15:57:19+00:00","dateModified":"2022-08-26T16:00:35+00:00","breadcrumb":{"@id":"https:\/\/antoniomaldera.it\/?page_id=516#breadcrumb"},"inLanguage":"it-IT","potentialAction":[{"@type":"ReadAction","target":["https:\/\/antoniomaldera.it\/?page_id=516"]}]},{"@type":"BreadcrumbList","@id":"https:\/\/antoniomaldera.it\/?page_id=516#breadcrumb","itemListElement":[{"@type":"ListItem","position":1,"name":"Home","item":"https:\/\/antoniomaldera.it\/"},{"@type":"ListItem","position":2,"name":"Cookie Policy"}]},{"@type":"WebSite","@id":"https:\/\/antoniomaldera.it\/#website","url":"https:\/\/antoniomaldera.it\/","name":"ANTONIO MALDERA","description":"SCRITTORE","potentialAction":[{"@type":"SearchAction","target":{"@type":"EntryPoint","urlTemplate":"https:\/\/antoniomaldera.it\/?s={search_term_string}"},"query-input":"required name=search_term_string"}],"inLanguage":"it-IT"}]}},"uagb_featured_image_src":{"full":false,"thumbnail":false,"medium":false,"medium_large":false,"large":false,"1536x1536":false,"2048x2048":false},"uagb_author_info":{"display_name":"admin","author_link":"https:\/\/antoniomaldera.it\/?author=1"},"uagb_comment_info":0,"uagb_excerpt":"Cookie Policy QUESTO SITO WEB UTILIZZA COOKIE ESCUSIVAMENTE PER GARANTIRE IL CORRETTO FUNZIONAMENTO DELLE PROCEDURE E MIGLIORARE L&#8217;ESPERIENZA DI USO DELLE APPLICAZIONI ONLINE. IL PRESENTE DOCUMENTO FORNISCE INFORMAZIONI DETTAGLIATE SULL&#8217;USO DEI COOKIE E SU COME GESTIRLI.DEFINIZIONII cookie sono brevi frammenti di testo che permettono al server web di memorizzare sul client (il browser) informazioni da&hellip;","_links":{"self":[{"href":"https:\/\/antoniomaldera.it\/index.php?rest_route=\/wp\/v2\/pages\/516","targetHints":{"allow":["GET"]}}],"collection":[{"href":"https:\/\/antoniomaldera.it\/index.php?rest_route=\/wp\/v2\/pages"}],"about":[{"href":"https:\/\/antoniomaldera.it\/index.php?rest_route=\/wp\/v2\/types\/page"}],"author":[{"embeddable":true,"href":"https:\/\/antoniomaldera.it\/index.php?rest_route=\/wp\/v2\/users\/1"}],"replies":[{"embeddable":true,"href":"https:\/\/antoniomaldera.it\/index.php?rest_route=%2Fwp%2Fv2%2Fcomments&post=516"}],"version-history":[{"count":1,"href":"https:\/\/antoniomaldera.it\/index.php?rest_route=\/wp\/v2\/pages\/516\/revisions"}],"predecessor-version":[{"id":517,"href":"https:\/\/antoniomaldera.it\/index.php?rest_route=\/wp\/v2\/pages\/516\/revisions\/517"}],"wp:attachment":[{"href":"https:\/\/antoniomaldera.it\/index.php?rest_route=%2Fwp%2Fv2%2Fmedia&parent=516"}],"curies":[{"name":"wp","href":"https:\/\/api.w.org\/{rel}","templated":true}]}}