{"id":494,"date":"2022-08-21T10:05:36","date_gmt":"2022-08-21T10:05:36","guid":{"rendered":"https:\/\/antoniomaldera.it\/?page_id=494"},"modified":"2022-09-24T16:39:36","modified_gmt":"2022-09-24T16:39:36","slug":"lultimo-giro-del-cielo-1-2","status":"publish","type":"page","link":"https:\/\/antoniomaldera.it\/?page_id=494","title":{"rendered":"INCANTEVOLI SCORCI&#8230;"},"content":{"rendered":"\n<p class=\"has-large-font-size\"><strong>INCANTEVOLI SCORCI DEL LAGO MAGGIORE<\/strong><\/p>\n\n\n\n<p class=\"has-medium-font-size\"><strong>Le storie e le bellezze del Lago Maggiore in un libro<\/strong><br>Un viaggio tra panorami, monumenti e curiosit\u00e0 che costellano il territorio del Verbano: dalle localit\u00e0 pi\u00f9 conosciute alle piccole realt\u00e0.<\/p>\n\n\n\n<div class=\"wp-block-columns is-layout-flex wp-container-core-columns-is-layout-9d6595d7 wp-block-columns-is-layout-flex\">\n<div class=\"wp-block-column is-layout-flow wp-block-column-is-layout-flow\">\n<p>Un lago per tre regioni: Piemonte, Lombardia e il Distretto di Locarno in Svizzera. Il Lago Maggiore, conosciuto anche come Verbano, \u00e8 al centro di un territorio ricco di suggestioni naturali, storiche, culturali e artistiche. Un mondo variegato e al tempo stesso caratterizzato da una sua unit\u00e0, in gran parte legata alla forte impronta lasciata nei secoli dell\u2019et\u00e0 moderna dai Borromeo, uno dei maggiori casati della nobilt\u00e0 milanese.<br>Nell\u2019itinerario proposto, suddiviso per aree, non possono mancare i luoghi pi\u00f9 famosi, come Arona, Stresa, le Isole Borromee, Luino. Accanto a essi, per\u00f2, trovano spazio paesi e borghi meno conosciuti, ma pieni di sorprese, in cui si avvicendano spesso le placide distese del lago e il mondo affascinante e aspro delle vicine alture prealpine. Tra splendidi panorami, incantevoli chiese, eleganti residenze, giardini da favola, agglomerati da presepe, curiosit\u00e0 e tradizioni, echi letterari, ampie possibilit\u00e0 di escursioni, ogni turista pu\u00f2 trovare il \u201csuo\u201d Lago Maggiore.<\/p>\n<\/div>\n\n\n\n<div class=\"wp-block-column is-layout-flow wp-block-column-is-layout-flow\">\n<p class=\"has-text-align-left has-background\" style=\"background-color:#e9e9e9\"><a href=\"https:\/\/lucebianca761976.wixsite.com\/illustrazioni\" target=\"_blank\" rel=\"noreferrer noopener nofollow\"><\/a><\/p>\n\n\n<div class=\"wp-block-image\">\n<figure class=\"aligncenter size-full\"><img loading=\"lazy\" decoding=\"async\" width=\"432\" height=\"605\" src=\"https:\/\/antoniomaldera.it\/wp-content\/uploads\/2022\/08\/antonio-maldera-Incantevoli-scorci-del-Lago-Maggiore.jpg\" alt=\"\" class=\"wp-image-450\" srcset=\"https:\/\/antoniomaldera.it\/wp-content\/uploads\/2022\/08\/antonio-maldera-Incantevoli-scorci-del-Lago-Maggiore.jpg 432w, https:\/\/antoniomaldera.it\/wp-content\/uploads\/2022\/08\/antonio-maldera-Incantevoli-scorci-del-Lago-Maggiore-214x300.jpg 214w\" sizes=\"auto, (max-width: 432px) 100vw, 432px\" \/><figcaption>Incantevoli scorci del Lago Maggiore<br>Macchione Pietro Editore <a href=\"https:\/\/www.macchionepietroeditore.it\/scheda_Incantevoli-scorci-del-Lago-Maggiore-di-Antonio-Maldera_5-44-55-0-0-0-1-1-10-1-717.html\" target=\"_blank\" rel=\"noreferrer noopener nofollow\"><img loading=\"lazy\" decoding=\"async\" width=\"20\" height=\"20\" class=\"wp-image-392\" style=\"width: 20px;\" src=\"https:\/\/antoniomaldera.it\/wp-content\/uploads\/2022\/08\/antonio-maldera-icona-link.png\" alt=\"\"><\/a><a href=\"https:\/\/www.leggereacolori.com\/libri\/lultimo-giro-del-cielo-antonio-maldera\/\" target=\"_blank\" rel=\"noreferrer noopener nofollow\"><\/a><\/figcaption><\/figure>\n<\/div><\/div>\n<\/div>\n\n\n\n<div class=\"wp-block-columns is-layout-flex wp-container-core-columns-is-layout-9d6595d7 wp-block-columns-is-layout-flex\">\n<div class=\"wp-block-column is-layout-flow wp-block-column-is-layout-flow\">\n<figure class=\"wp-block-embed is-type-wp-embed is-provider-verbanonews wp-block-embed-verbanonews\"><div class=\"wp-block-embed__wrapper\">\n<blockquote class=\"wp-embedded-content\" data-secret=\"acFoBhPK7w\"><a href=\"https:\/\/www.verbanonews.it\/aree-geografiche\/piemonte\/2022\/09\/06\/alla-presentazione-di-incantevoli-scorci-sul-lago-maggiore\/947150\/\">Alla presentazione di &#8220;Incantevoli scorci del Lago Maggiore&#8221;<\/a><\/blockquote><iframe loading=\"lazy\" class=\"wp-embedded-content\" sandbox=\"allow-scripts\" security=\"restricted\" style=\"position: absolute; clip: rect(1px, 1px, 1px, 1px);\" title=\"&#8220;Alla presentazione di &#8220;Incantevoli scorci del Lago Maggiore&#8221;&#8221; &#8212; VerbanoNews\" src=\"https:\/\/www.verbanonews.it\/aree-geografiche\/piemonte\/2022\/09\/06\/alla-presentazione-di-incantevoli-scorci-sul-lago-maggiore\/947150\/embed\/#?secret=acFoBhPK7w\" data-secret=\"acFoBhPK7w\" width=\"600\" height=\"338\" frameborder=\"0\" marginwidth=\"0\" marginheight=\"0\" scrolling=\"no\"><\/iframe>\n<\/div><\/figure>\n<\/div>\n<\/div>\n","protected":false},"excerpt":{"rendered":"<p>INCANTEVOLI SCORCI DEL LAGO MAGGIORE Le storie e le bellezze del Lago Maggiore in un libroUn viaggio tra panorami, monumenti e curiosit\u00e0 che costellano il territorio del Verbano: dalle localit\u00e0 pi\u00f9 conosciute alle piccole realt\u00e0. Un lago per tre regioni: Piemonte, Lombardia e il Distretto di Locarno in Svizzera. Il Lago Maggiore, conosciuto anche come Verbano, \u00e8 al centro di un territorio ricco di suggestioni naturali, storiche, culturali e artistiche. Un&hellip;<\/p>\n<p> <a class=\"more-link\" href=\"https:\/\/antoniomaldera.it\/?page_id=494\">Leggi tutto<\/a><\/p>\n","protected":false},"author":1,"featured_media":0,"parent":0,"menu_order":0,"comment_status":"closed","ping_status":"closed","template":"","meta":{"footnotes":""},"class_list":["post-494","page","type-page","status-publish"],"yoast_head":"<!-- This site is optimized with the Yoast SEO plugin v19.5.1 - https:\/\/yoast.com\/wordpress\/plugins\/seo\/ -->\n<title>INCANTEVOLI SCORCI... - ANTONIO MALDERA<\/title>\n<meta name=\"robots\" content=\"index, follow, max-snippet:-1, max-image-preview:large, max-video-preview:-1\" \/>\n<link rel=\"canonical\" href=\"https:\/\/antoniomaldera.it\/?page_id=494\" \/>\n<meta property=\"og:locale\" content=\"it_IT\" \/>\n<meta property=\"og:type\" content=\"article\" \/>\n<meta property=\"og:title\" content=\"INCANTEVOLI SCORCI... - ANTONIO MALDERA\" \/>\n<meta property=\"og:description\" content=\"INCANTEVOLI SCORCI DEL LAGO MAGGIORE Le storie e le bellezze del Lago Maggiore in un libroUn viaggio tra panorami, monumenti e curiosit\u00e0 che costellano il territorio del Verbano: dalle localit\u00e0 pi\u00f9 conosciute alle piccole realt\u00e0. Un lago per tre regioni: Piemonte, Lombardia e il Distretto di Locarno in Svizzera. Il Lago Maggiore, conosciuto anche come Verbano, \u00e8 al centro di un territorio ricco di suggestioni naturali, storiche, culturali e artistiche. Un&hellip;  Leggi tutto\" \/>\n<meta property=\"og:url\" content=\"https:\/\/antoniomaldera.it\/?page_id=494\" \/>\n<meta property=\"og:site_name\" content=\"ANTONIO MALDERA\" \/>\n<meta property=\"article:modified_time\" content=\"2022-09-24T16:39:36+00:00\" \/>\n<meta property=\"og:image\" content=\"https:\/\/antoniomaldera.it\/wp-content\/uploads\/2022\/08\/antonio-maldera-Incantevoli-scorci-del-Lago-Maggiore.jpg\" \/>\n<meta name=\"twitter:card\" content=\"summary_large_image\" \/>\n<meta name=\"twitter:label1\" content=\"Tempo di lettura stimato\" \/>\n\t<meta name=\"twitter:data1\" content=\"2 minuti\" \/>\n<script type=\"application\/ld+json\" class=\"yoast-schema-graph\">{\"@context\":\"https:\/\/schema.org\",\"@graph\":[{\"@type\":\"WebPage\",\"@id\":\"https:\/\/antoniomaldera.it\/?page_id=494\",\"url\":\"https:\/\/antoniomaldera.it\/?page_id=494\",\"name\":\"INCANTEVOLI SCORCI... - ANTONIO MALDERA\",\"isPartOf\":{\"@id\":\"https:\/\/antoniomaldera.it\/#website\"},\"datePublished\":\"2022-08-21T10:05:36+00:00\",\"dateModified\":\"2022-09-24T16:39:36+00:00\",\"breadcrumb\":{\"@id\":\"https:\/\/antoniomaldera.it\/?page_id=494#breadcrumb\"},\"inLanguage\":\"it-IT\",\"potentialAction\":[{\"@type\":\"ReadAction\",\"target\":[\"https:\/\/antoniomaldera.it\/?page_id=494\"]}]},{\"@type\":\"BreadcrumbList\",\"@id\":\"https:\/\/antoniomaldera.it\/?page_id=494#breadcrumb\",\"itemListElement\":[{\"@type\":\"ListItem\",\"position\":1,\"name\":\"Home\",\"item\":\"https:\/\/antoniomaldera.it\/\"},{\"@type\":\"ListItem\",\"position\":2,\"name\":\"INCANTEVOLI SCORCI&#8230;\"}]},{\"@type\":\"WebSite\",\"@id\":\"https:\/\/antoniomaldera.it\/#website\",\"url\":\"https:\/\/antoniomaldera.it\/\",\"name\":\"ANTONIO MALDERA\",\"description\":\"SCRITTORE\",\"potentialAction\":[{\"@type\":\"SearchAction\",\"target\":{\"@type\":\"EntryPoint\",\"urlTemplate\":\"https:\/\/antoniomaldera.it\/?s={search_term_string}\"},\"query-input\":\"required name=search_term_string\"}],\"inLanguage\":\"it-IT\"}]}<\/script>\n<!-- \/ Yoast SEO plugin. -->","yoast_head_json":{"title":"INCANTEVOLI SCORCI... - ANTONIO MALDERA","robots":{"index":"index","follow":"follow","max-snippet":"max-snippet:-1","max-image-preview":"max-image-preview:large","max-video-preview":"max-video-preview:-1"},"canonical":"https:\/\/antoniomaldera.it\/?page_id=494","og_locale":"it_IT","og_type":"article","og_title":"INCANTEVOLI SCORCI... - ANTONIO MALDERA","og_description":"INCANTEVOLI SCORCI DEL LAGO MAGGIORE Le storie e le bellezze del Lago Maggiore in un libroUn viaggio tra panorami, monumenti e curiosit\u00e0 che costellano il territorio del Verbano: dalle localit\u00e0 pi\u00f9 conosciute alle piccole realt\u00e0. Un lago per tre regioni: Piemonte, Lombardia e il Distretto di Locarno in Svizzera. Il Lago Maggiore, conosciuto anche come Verbano, \u00e8 al centro di un territorio ricco di suggestioni naturali, storiche, culturali e artistiche. Un&hellip;  Leggi tutto","og_url":"https:\/\/antoniomaldera.it\/?page_id=494","og_site_name":"ANTONIO MALDERA","article_modified_time":"2022-09-24T16:39:36+00:00","og_image":[{"url":"https:\/\/antoniomaldera.it\/wp-content\/uploads\/2022\/08\/antonio-maldera-Incantevoli-scorci-del-Lago-Maggiore.jpg"}],"twitter_card":"summary_large_image","twitter_misc":{"Tempo di lettura stimato":"2 minuti"},"schema":{"@context":"https:\/\/schema.org","@graph":[{"@type":"WebPage","@id":"https:\/\/antoniomaldera.it\/?page_id=494","url":"https:\/\/antoniomaldera.it\/?page_id=494","name":"INCANTEVOLI SCORCI... - ANTONIO MALDERA","isPartOf":{"@id":"https:\/\/antoniomaldera.it\/#website"},"datePublished":"2022-08-21T10:05:36+00:00","dateModified":"2022-09-24T16:39:36+00:00","breadcrumb":{"@id":"https:\/\/antoniomaldera.it\/?page_id=494#breadcrumb"},"inLanguage":"it-IT","potentialAction":[{"@type":"ReadAction","target":["https:\/\/antoniomaldera.it\/?page_id=494"]}]},{"@type":"BreadcrumbList","@id":"https:\/\/antoniomaldera.it\/?page_id=494#breadcrumb","itemListElement":[{"@type":"ListItem","position":1,"name":"Home","item":"https:\/\/antoniomaldera.it\/"},{"@type":"ListItem","position":2,"name":"INCANTEVOLI SCORCI&#8230;"}]},{"@type":"WebSite","@id":"https:\/\/antoniomaldera.it\/#website","url":"https:\/\/antoniomaldera.it\/","name":"ANTONIO MALDERA","description":"SCRITTORE","potentialAction":[{"@type":"SearchAction","target":{"@type":"EntryPoint","urlTemplate":"https:\/\/antoniomaldera.it\/?s={search_term_string}"},"query-input":"required name=search_term_string"}],"inLanguage":"it-IT"}]}},"uagb_featured_image_src":{"full":false,"thumbnail":false,"medium":false,"medium_large":false,"large":false,"1536x1536":false,"2048x2048":false},"uagb_author_info":{"display_name":"admin","author_link":"https:\/\/antoniomaldera.it\/?author=1"},"uagb_comment_info":0,"uagb_excerpt":"INCANTEVOLI SCORCI DEL LAGO MAGGIORE Le storie e le bellezze del Lago Maggiore in un libroUn viaggio tra panorami, monumenti e curiosit\u00e0 che costellano il territorio del Verbano: dalle localit\u00e0 pi\u00f9 conosciute alle piccole realt\u00e0. Un lago per tre regioni: Piemonte, Lombardia e il Distretto di Locarno in Svizzera. Il Lago Maggiore, conosciuto anche come&hellip;","_links":{"self":[{"href":"https:\/\/antoniomaldera.it\/index.php?rest_route=\/wp\/v2\/pages\/494","targetHints":{"allow":["GET"]}}],"collection":[{"href":"https:\/\/antoniomaldera.it\/index.php?rest_route=\/wp\/v2\/pages"}],"about":[{"href":"https:\/\/antoniomaldera.it\/index.php?rest_route=\/wp\/v2\/types\/page"}],"author":[{"embeddable":true,"href":"https:\/\/antoniomaldera.it\/index.php?rest_route=\/wp\/v2\/users\/1"}],"replies":[{"embeddable":true,"href":"https:\/\/antoniomaldera.it\/index.php?rest_route=%2Fwp%2Fv2%2Fcomments&post=494"}],"version-history":[{"count":5,"href":"https:\/\/antoniomaldera.it\/index.php?rest_route=\/wp\/v2\/pages\/494\/revisions"}],"predecessor-version":[{"id":570,"href":"https:\/\/antoniomaldera.it\/index.php?rest_route=\/wp\/v2\/pages\/494\/revisions\/570"}],"wp:attachment":[{"href":"https:\/\/antoniomaldera.it\/index.php?rest_route=%2Fwp%2Fv2%2Fmedia&parent=494"}],"curies":[{"name":"wp","href":"https:\/\/api.w.org\/{rel}","templated":true}]}}