{"id":2,"date":"2022-08-03T16:58:00","date_gmt":"2022-08-03T16:58:00","guid":{"rendered":"https:\/\/antoniomaldera.it\/?page_id=2"},"modified":"2022-09-04T14:30:51","modified_gmt":"2022-09-04T14:30:51","slug":"sample-page","status":"publish","type":"page","link":"https:\/\/antoniomaldera.it\/","title":{"rendered":"HOME PAGE"},"content":{"rendered":"\n<div class=\"wp-block-columns is-layout-flex wp-container-core-columns-is-layout-9d6595d7 wp-block-columns-is-layout-flex\"><\/div>\n\n\n\n<div class=\"wp-block-columns is-layout-flex wp-container-core-columns-is-layout-9d6595d7 wp-block-columns-is-layout-flex\">\n<div class=\"wp-block-column is-layout-flow wp-block-column-is-layout-flow\">\n<h2 class=\"has-text-align-center wp-block-heading\"><strong>INFINITO IMPERFETTO<\/strong><\/h2>\n<\/div>\n\n\n\n<div class=\"wp-block-column is-layout-flow wp-block-column-is-layout-flow\">\n<h2 class=\"has-text-align-center wp-block-heading\"><strong>INCANTEVOLI SCORCI DEL LAGO MAGGIORE<\/strong><\/h2>\n<\/div>\n<\/div>\n\n\n\n<div class=\"wp-block-columns is-layout-flex wp-container-core-columns-is-layout-9d6595d7 wp-block-columns-is-layout-flex\">\n<div class=\"wp-block-column is-layout-flow wp-block-column-is-layout-flow\">\n<div class=\"wp-block-stevehenty-drop-shadow-box dropshadowboxes-container\" style=\"width:auto\"><div class=\"dropshadowboxes-drop-shadow dropshadowboxes-lifted-both dropshadowboxes-rounded-corners dropshadowboxes-inside-and-outside-shadow\" style=\"background-color:#FFFFFF;border-style:solid;border-width:2px;border-color:#DDDDDD;width:;padding:10px\"><div>\n<p class=\"has-text-align-center has-medium-font-size\"><strong><strong>Il terzo romanzo di Antonio Maldera<\/strong><\/strong><\/p>\n<\/div><\/div><\/div>\n<\/div>\n\n\n\n<div class=\"wp-block-column is-layout-flow wp-block-column-is-layout-flow\">\n<div class=\"wp-block-stevehenty-drop-shadow-box dropshadowboxes-container\" style=\"width:auto\"><div class=\"dropshadowboxes-drop-shadow dropshadowboxes-lifted-both dropshadowboxes-rounded-corners dropshadowboxes-inside-and-outside-shadow\" style=\"background-color:#FFFFFF;border-style:solid;border-width:2px;border-color:#DDDDDD;width:;padding:10px\"><div>\n<p class=\"has-text-align-center has-medium-font-size\"><strong>Il primo libro storico-turistico<\/strong><\/p>\n<\/div><\/div><\/div>\n<\/div>\n<\/div>\n\n\n\n<div class=\"wp-block-columns is-layout-flex wp-container-core-columns-is-layout-9d6595d7 wp-block-columns-is-layout-flex\">\n<div class=\"wp-block-column is-layout-flow wp-block-column-is-layout-flow\"><div class=\"wp-block-image\">\n<figure class=\"aligncenter size-full\"><img loading=\"lazy\" decoding=\"async\" width=\"401\" height=\"582\" src=\"https:\/\/antoniomaldera.it\/wp-content\/uploads\/2022\/08\/antonio-maldera-Infinito-imperfetto-copertina-1.jpg\" alt=\"\" class=\"wp-image-481\" srcset=\"https:\/\/antoniomaldera.it\/wp-content\/uploads\/2022\/08\/antonio-maldera-Infinito-imperfetto-copertina-1.jpg 401w, https:\/\/antoniomaldera.it\/wp-content\/uploads\/2022\/08\/antonio-maldera-Infinito-imperfetto-copertina-1-207x300.jpg 207w\" sizes=\"auto, (max-width: 401px) 100vw, 401px\" \/><\/figure>\n<\/div><\/div>\n\n\n\n<div class=\"wp-block-column is-layout-flow wp-block-column-is-layout-flow\"><div class=\"wp-block-image\">\n<figure class=\"aligncenter size-full\"><img loading=\"lazy\" decoding=\"async\" width=\"432\" height=\"605\" src=\"https:\/\/antoniomaldera.it\/wp-content\/uploads\/2022\/08\/antonio-maldera-Incantevoli-scorci-del-Lago-Maggiore.jpg\" alt=\"\" class=\"wp-image-450\" srcset=\"https:\/\/antoniomaldera.it\/wp-content\/uploads\/2022\/08\/antonio-maldera-Incantevoli-scorci-del-Lago-Maggiore.jpg 432w, https:\/\/antoniomaldera.it\/wp-content\/uploads\/2022\/08\/antonio-maldera-Incantevoli-scorci-del-Lago-Maggiore-214x300.jpg 214w\" sizes=\"auto, (max-width: 432px) 100vw, 432px\" \/><\/figure>\n<\/div><\/div>\n<\/div>\n\n\n\n<div class=\"wp-block-columns is-layout-flex wp-container-core-columns-is-layout-9d6595d7 wp-block-columns-is-layout-flex\">\n<div class=\"wp-block-column is-layout-flow wp-block-column-is-layout-flow\">\n<p>Un romanzo di scoperta e di formazione, incentrato sulle relazioni di un giovane con i genitori divorziati, nell\u2019attuale contesto di crisi e di valori da recuperare.<\/p>\n<\/div>\n\n\n\n<div class=\"wp-block-column is-layout-flow wp-block-column-is-layout-flow\">\n<p><strong>Le storie e le bellezze del Lago Maggiore in un libro<\/strong><br>Un viaggio tra panorami, monumenti e curiosit\u00e0 che costellano il territorio del Verbano: dalle localit\u00e0 pi\u00f9 conosciute alle piccole realt\u00e0.<\/p>\n<\/div>\n<\/div>\n\n\n\n<div class=\"wp-block-columns is-layout-flex wp-container-core-columns-is-layout-9d6595d7 wp-block-columns-is-layout-flex\">\n<div class=\"wp-block-column has-background is-layout-flow wp-block-column-is-layout-flow\" style=\"background-color:#e9e9e9\">\n<p>Infinito imperfetto 2022<br>Youcanprint pp. 158<\/p>\n\n\n\n<p>Disponibile in versione cartacea <a href=\"https:\/\/www.youcanprint.it\/infinito-imperfetto\/b\/66faa41c-79f0-54e6-a0a1-cbd9a3e16114\" target=\"_blank\" rel=\"noreferrer noopener nofollow\"><img loading=\"lazy\" decoding=\"async\" width=\"20\" height=\"20\" class=\"wp-image-392\" style=\"width: 20px;\" src=\"https:\/\/antoniomaldera.it\/wp-content\/uploads\/2022\/08\/antonio-maldera-icona-link.png\" alt=\"\"><\/a> ed ebook <a href=\"https:\/\/www.youcanprint.it\/infinito-imperfetto\/b\/6bf9f5b1-5f2a-5cf3-8bb0-b2801ce5b6ae?\" target=\"_blank\" rel=\"noreferrer noopener nofollow\"><img loading=\"lazy\" decoding=\"async\" width=\"20\" height=\"20\" class=\"wp-image-392\" style=\"width: 20px;\" src=\"https:\/\/antoniomaldera.it\/wp-content\/uploads\/2022\/08\/antonio-maldera-icona-link.png\" alt=\"\"><\/a> , &nbsp;anche sui principali store on line, con la possibilit\u00e0 di ordinarlo in libreria <a href=\"https:\/\/www.youcanprint.it\/distribuzione-librerie-fisiche\" target=\"_blank\" rel=\"noreferrer noopener nofollow\"><img loading=\"lazy\" decoding=\"async\" width=\"20\" height=\"20\" class=\"wp-image-392\" style=\"width: 20px;\" src=\"https:\/\/antoniomaldera.it\/wp-content\/uploads\/2022\/08\/antonio-maldera-icona-link.png\" alt=\"\"><\/a><\/p>\n<\/div>\n\n\n\n<div class=\"wp-block-column has-background is-layout-flow wp-block-column-is-layout-flow\" style=\"background-color:#e9e9e9\">\n<p>Incantevoli scorci del Lago Maggiore<br>Macchione Pietro Editore <a href=\"https:\/\/www.macchionepietroeditore.it\/scheda_Incantevoli-scorci-del-Lago-Maggiore-di-Antonio-Maldera_5-44-55-0-0-0-1-1-10-1-717.html\" target=\"_blank\" rel=\"noreferrer noopener nofollow\"><img loading=\"lazy\" decoding=\"async\" width=\"20\" height=\"20\" class=\"wp-image-392\" style=\"width: 20px;\" src=\"https:\/\/antoniomaldera.it\/wp-content\/uploads\/2022\/08\/antonio-maldera-icona-link.png\" alt=\"\"><\/a><\/p>\n<\/div>\n<\/div>\n\n\n\n<div class=\"wp-block-columns is-layout-flex wp-container-core-columns-is-layout-9d6595d7 wp-block-columns-is-layout-flex\">\n<div class=\"wp-block-column is-layout-flow wp-block-column-is-layout-flow\">\n<p>Una sera fredda di nebbia e silenzio nella sconfinata periferia milanese: in questo scenario onirico, colorato per un attimo dalla forza dei ricordi, si consuma lo struggente addio tra Michele, insegnante deluso, scrittore appassionato ma sconosciuto, un matrimonio fallito alle spalle, e suo figlio Rafael, studente di ingegneria a Padova, amareggiato dai difficili rapporti con la madre.<br>Qualche tempo dopo, una fotografia scivolata da un libro mette il ragazzo davanti a un lato ignoto della vita di suo padre: chi \u00e8 quella donna teneramente abbracciata con lui nelle prime luci che si accendono dopo il tramonto, davanti a una bellissima fontana di Roma? Nel tentativo di rispondere a questa domanda, Rafael segue un filo sottile che da una piccola biblioteca di quartiere si dirama in varie e inattese direzioni. A movimentare ulteriormente le giornate del giovane giunge da Parma una strana richiesta di amicizia su Facebook.<br>Di tappa in tappa, tra personaggi curiosi e situazioni avvincenti, sogni e segni che, nella luce della fede, uniscono le cose della terra a quelle del cielo, le sorprese e i colpi di scena si susseguiranno l&#8217;uno dietro l&#8217;altro fino all&#8217;ultima pagina\u2026<\/p>\n<\/div>\n\n\n\n<div class=\"wp-block-column is-layout-flow wp-block-column-is-layout-flow\">\n<p>Un lago per tre regioni: Piemonte, Lombardia e il Distretto di Locarno in Svizzera. Il Lago Maggiore, conosciuto anche come Verbano, \u00e8 al centro di un territorio ricco di suggestioni naturali, storiche, culturali e artistiche. Un mondo variegato e al tempo stesso caratterizzato da una sua unit\u00e0, in gran parte legata alla forte impronta lasciata nei secoli dell\u2019et\u00e0 moderna dai Borromeo, uno dei maggiori casati della nobilt\u00e0 milanese.<br>Nell\u2019itinerario proposto, suddiviso per aree, non possono mancare i luoghi pi\u00f9 famosi, come Arona, Stresa, le Isole Borromee, Luino. Accanto a essi, per\u00f2, trovano spazio paesi e borghi meno conosciuti, ma pieni di sorprese, in cui si avvicendano spesso le placide distese del lago e il mondo affascinante e aspro delle vicine alture prealpine. Tra splendidi panorami, incantevoli chiese, eleganti residenze, giardini da favola, agglomerati da presepe, curiosit\u00e0 e tradizioni, echi letterari, ampie possibilit\u00e0 di escursioni, ogni turista pu\u00f2 trovare il \u201csuo\u201d Lago Maggiore.<\/p>\n<\/div>\n<\/div>\n","protected":false},"excerpt":{"rendered":"<p>INFINITO IMPERFETTO INCANTEVOLI SCORCI DEL LAGO MAGGIORE Un romanzo di scoperta e di formazione, incentrato sulle relazioni di un giovane con i genitori divorziati, nell\u2019attuale contesto di crisi e di valori da recuperare. Le storie e le bellezze del Lago Maggiore in un libroUn viaggio tra panorami, monumenti e curiosit\u00e0 che costellano il territorio del Verbano: dalle localit\u00e0 pi\u00f9 conosciute alle piccole realt\u00e0. Infinito imperfetto 2022Youcanprint pp. 158 Disponibile in versione&hellip;<\/p>\n<p> <a class=\"more-link\" href=\"https:\/\/antoniomaldera.it\/\">Leggi tutto<\/a><\/p>\n","protected":false},"author":1,"featured_media":0,"parent":0,"menu_order":0,"comment_status":"closed","ping_status":"open","template":"","meta":{"footnotes":""},"class_list":["post-2","page","type-page","status-publish"],"yoast_head":"<!-- This site is optimized with the Yoast SEO plugin v19.5.1 - https:\/\/yoast.com\/wordpress\/plugins\/seo\/ -->\n<title>HOME PAGE - ANTONIO MALDERA<\/title>\n<meta name=\"robots\" content=\"index, follow, max-snippet:-1, max-image-preview:large, max-video-preview:-1\" \/>\n<link rel=\"canonical\" href=\"https:\/\/antoniomaldera.it\/\" \/>\n<meta property=\"og:locale\" content=\"it_IT\" \/>\n<meta property=\"og:type\" content=\"article\" \/>\n<meta property=\"og:title\" content=\"HOME PAGE - ANTONIO MALDERA\" \/>\n<meta property=\"og:description\" content=\"INFINITO IMPERFETTO INCANTEVOLI SCORCI DEL LAGO MAGGIORE Un romanzo di scoperta e di formazione, incentrato sulle relazioni di un giovane con i genitori divorziati, nell\u2019attuale contesto di crisi e di valori da recuperare. Le storie e le bellezze del Lago Maggiore in un libroUn viaggio tra panorami, monumenti e curiosit\u00e0 che costellano il territorio del Verbano: dalle localit\u00e0 pi\u00f9 conosciute alle piccole realt\u00e0. Infinito imperfetto 2022Youcanprint pp. 158 Disponibile in versione&hellip;  Leggi tutto\" \/>\n<meta property=\"og:url\" content=\"https:\/\/antoniomaldera.it\/\" \/>\n<meta property=\"og:site_name\" content=\"ANTONIO MALDERA\" \/>\n<meta property=\"article:modified_time\" content=\"2022-09-04T14:30:51+00:00\" \/>\n<meta property=\"og:image\" content=\"https:\/\/antoniomaldera.it\/wp-content\/uploads\/2022\/08\/antonio-maldera-Infinito-imperfetto-copertina-1.jpg\" \/>\n<meta name=\"twitter:card\" content=\"summary_large_image\" \/>\n<meta name=\"twitter:label1\" content=\"Tempo di lettura stimato\" \/>\n\t<meta name=\"twitter:data1\" content=\"4 minuti\" \/>\n<script type=\"application\/ld+json\" class=\"yoast-schema-graph\">{\"@context\":\"https:\/\/schema.org\",\"@graph\":[{\"@type\":\"WebPage\",\"@id\":\"https:\/\/antoniomaldera.it\/\",\"url\":\"https:\/\/antoniomaldera.it\/\",\"name\":\"HOME PAGE - ANTONIO MALDERA\",\"isPartOf\":{\"@id\":\"https:\/\/antoniomaldera.it\/#website\"},\"datePublished\":\"2022-08-03T16:58:00+00:00\",\"dateModified\":\"2022-09-04T14:30:51+00:00\",\"breadcrumb\":{\"@id\":\"https:\/\/antoniomaldera.it\/#breadcrumb\"},\"inLanguage\":\"it-IT\",\"potentialAction\":[{\"@type\":\"ReadAction\",\"target\":[\"https:\/\/antoniomaldera.it\/\"]}]},{\"@type\":\"BreadcrumbList\",\"@id\":\"https:\/\/antoniomaldera.it\/#breadcrumb\",\"itemListElement\":[{\"@type\":\"ListItem\",\"position\":1,\"name\":\"Home\",\"item\":\"https:\/\/antoniomaldera.it\/\"},{\"@type\":\"ListItem\",\"position\":2,\"name\":\"HOME PAGE\"}]},{\"@type\":\"WebSite\",\"@id\":\"https:\/\/antoniomaldera.it\/#website\",\"url\":\"https:\/\/antoniomaldera.it\/\",\"name\":\"ANTONIO MALDERA\",\"description\":\"SCRITTORE\",\"potentialAction\":[{\"@type\":\"SearchAction\",\"target\":{\"@type\":\"EntryPoint\",\"urlTemplate\":\"https:\/\/antoniomaldera.it\/?s={search_term_string}\"},\"query-input\":\"required name=search_term_string\"}],\"inLanguage\":\"it-IT\"}]}<\/script>\n<!-- \/ Yoast SEO plugin. -->","yoast_head_json":{"title":"HOME PAGE - ANTONIO MALDERA","robots":{"index":"index","follow":"follow","max-snippet":"max-snippet:-1","max-image-preview":"max-image-preview:large","max-video-preview":"max-video-preview:-1"},"canonical":"https:\/\/antoniomaldera.it\/","og_locale":"it_IT","og_type":"article","og_title":"HOME PAGE - ANTONIO MALDERA","og_description":"INFINITO IMPERFETTO INCANTEVOLI SCORCI DEL LAGO MAGGIORE Un romanzo di scoperta e di formazione, incentrato sulle relazioni di un giovane con i genitori divorziati, nell\u2019attuale contesto di crisi e di valori da recuperare. Le storie e le bellezze del Lago Maggiore in un libroUn viaggio tra panorami, monumenti e curiosit\u00e0 che costellano il territorio del Verbano: dalle localit\u00e0 pi\u00f9 conosciute alle piccole realt\u00e0. Infinito imperfetto 2022Youcanprint pp. 158 Disponibile in versione&hellip;  Leggi tutto","og_url":"https:\/\/antoniomaldera.it\/","og_site_name":"ANTONIO MALDERA","article_modified_time":"2022-09-04T14:30:51+00:00","og_image":[{"url":"https:\/\/antoniomaldera.it\/wp-content\/uploads\/2022\/08\/antonio-maldera-Infinito-imperfetto-copertina-1.jpg"}],"twitter_card":"summary_large_image","twitter_misc":{"Tempo di lettura stimato":"4 minuti"},"schema":{"@context":"https:\/\/schema.org","@graph":[{"@type":"WebPage","@id":"https:\/\/antoniomaldera.it\/","url":"https:\/\/antoniomaldera.it\/","name":"HOME PAGE - ANTONIO MALDERA","isPartOf":{"@id":"https:\/\/antoniomaldera.it\/#website"},"datePublished":"2022-08-03T16:58:00+00:00","dateModified":"2022-09-04T14:30:51+00:00","breadcrumb":{"@id":"https:\/\/antoniomaldera.it\/#breadcrumb"},"inLanguage":"it-IT","potentialAction":[{"@type":"ReadAction","target":["https:\/\/antoniomaldera.it\/"]}]},{"@type":"BreadcrumbList","@id":"https:\/\/antoniomaldera.it\/#breadcrumb","itemListElement":[{"@type":"ListItem","position":1,"name":"Home","item":"https:\/\/antoniomaldera.it\/"},{"@type":"ListItem","position":2,"name":"HOME PAGE"}]},{"@type":"WebSite","@id":"https:\/\/antoniomaldera.it\/#website","url":"https:\/\/antoniomaldera.it\/","name":"ANTONIO MALDERA","description":"SCRITTORE","potentialAction":[{"@type":"SearchAction","target":{"@type":"EntryPoint","urlTemplate":"https:\/\/antoniomaldera.it\/?s={search_term_string}"},"query-input":"required name=search_term_string"}],"inLanguage":"it-IT"}]}},"uagb_featured_image_src":{"full":false,"thumbnail":false,"medium":false,"medium_large":false,"large":false,"1536x1536":false,"2048x2048":false},"uagb_author_info":{"display_name":"admin","author_link":"https:\/\/antoniomaldera.it\/?author=1"},"uagb_comment_info":0,"uagb_excerpt":"INFINITO IMPERFETTO INCANTEVOLI SCORCI DEL LAGO MAGGIORE Un romanzo di scoperta e di formazione, incentrato sulle relazioni di un giovane con i genitori divorziati, nell\u2019attuale contesto di crisi e di valori da recuperare. Le storie e le bellezze del Lago Maggiore in un libroUn viaggio tra panorami, monumenti e curiosit\u00e0 che costellano il territorio del&hellip;","_links":{"self":[{"href":"https:\/\/antoniomaldera.it\/index.php?rest_route=\/wp\/v2\/pages\/2","targetHints":{"allow":["GET"]}}],"collection":[{"href":"https:\/\/antoniomaldera.it\/index.php?rest_route=\/wp\/v2\/pages"}],"about":[{"href":"https:\/\/antoniomaldera.it\/index.php?rest_route=\/wp\/v2\/types\/page"}],"author":[{"embeddable":true,"href":"https:\/\/antoniomaldera.it\/index.php?rest_route=\/wp\/v2\/users\/1"}],"replies":[{"embeddable":true,"href":"https:\/\/antoniomaldera.it\/index.php?rest_route=%2Fwp%2Fv2%2Fcomments&post=2"}],"version-history":[{"count":49,"href":"https:\/\/antoniomaldera.it\/index.php?rest_route=\/wp\/v2\/pages\/2\/revisions"}],"predecessor-version":[{"id":536,"href":"https:\/\/antoniomaldera.it\/index.php?rest_route=\/wp\/v2\/pages\/2\/revisions\/536"}],"wp:attachment":[{"href":"https:\/\/antoniomaldera.it\/index.php?rest_route=%2Fwp%2Fv2%2Fmedia&parent=2"}],"curies":[{"name":"wp","href":"https:\/\/api.w.org\/{rel}","templated":true}]}}